{"id":137,"date":"2023-11-04T18:56:38","date_gmt":"2023-11-04T17:56:38","guid":{"rendered":"https:\/\/pretacoudre.art\/?page_id=137"},"modified":"2026-03-31T14:45:48","modified_gmt":"2026-03-31T12:45:48","slug":"liens-utiles","status":"publish","type":"page","link":"https:\/\/pretacoudre.art\/?page_id=137","title":{"rendered":"Liens utiles&#8230;"},"content":{"rendered":"\n<p>Pour acheter son mat\u00e9riel:<\/p>\n\n\n\n<p><a href=\"https:\/\/www.amazon.fr\/hz\/wishlist\/ls\/26AEMB72TR8YG?ref_=wl_share\">https:\/\/www.amazon.fr\/hz\/wishlist\/ls\/26AEMB72TR8YG?ref_=wl_share<\/a><\/p>\n\n\n\n<p><\/p>\n\n\n\n<p>Pour acheter son tissu:<\/p>\n\n\n\n<p><a href=\"https:\/\/les-coupons-de-saint-pierre.fr\/\">https:\/\/les-coupons-de-saint-pierre.fr\/<\/a><\/p>\n\n\n\n<p><a href=\"https:\/\/mylittlecoupon.fr\/\">https:\/\/mylittlecoupon.fr\/<\/a><\/p>\n\n\n\n<p><a href=\"https:\/\/www.mapetitemercerie.com\/fr\/\">https:\/\/www.mapetitemercerie.com\/fr\/<\/a><\/p>\n\n\n\n<p><a href=\"https:\/\/www.bennytex.fr\/\">https:\/\/www.bennytex.fr\/<\/a><\/p>\n\n\n\n<p><a href=\"https:\/\/www.tissus-de-reve.fr\/\">https:\/\/www.tissus-de-reve.fr\/<\/a><\/p>\n\n\n\n<p><a href=\"https:\/\/www.mondialtissus.fr\/\">https:\/\/www.mondialtissus.fr\/<\/a><\/p>\n\n\n\n<p><a href=\"https:\/\/prettymercerie.com\/\">https:\/\/prettymercerie.com\/<\/a><\/p>\n\n\n\n<p><a href=\"https:\/\/www.mercerine.com\/\">https:\/\/www.mercerine.com\/<\/a><\/p>\n\n\n\n<p><a href=\"https:\/\/www.rascol.com\/\">https:\/\/www.rascol.com\/<\/a><\/p>\n\n\n\n<p><\/p>\n\n\n\n<p>Pour acheter ses patrons:<\/p>\n\n\n\n<p><a href=\"https:\/\/les-coupons-de-saint-pierre.fr\/\">https:\/\/les-coupons-de-saint-pierre.fr\/<\/a><\/p>\n\n\n\n<p><a href=\"https:\/\/www.mapetitemercerie.com\/fr\/\">https:\/\/www.mapetitemercerie.com\/fr\/<\/a><\/p>\n\n\n\n<p><a href=\"https:\/\/www.rascol.com\/\">https:\/\/www.rascol.com\/<\/a><\/p>\n\n\n\n<p><a href=\"https:\/\/www.patronsdecouture.com\/\">https:\/\/www.patronsdecouture.com\/<\/a><\/p>\n\n\n\n<p><\/p>\n\n\n\n<p>Pour entretenir et r\u00e9parer sa machine \u00e0 coudre :<\/p>\n\n\n\n<p><a href=\"https:\/\/www.lesatelierssw.fr\">https:\/\/www.lesatelierssw.fr<\/a><\/p>\n\n\n\n<p><\/p>\n\n\n\n<p>Tuto pour se perfectionner :<\/p>\n\n\n\n<p><a href=\"https:\/\/www.youtube.com\/@Majamcouture\/playlists\">https:\/\/www.youtube.com\/@Majamcouture\/playlists<\/a><\/p>\n\n\n\n<p><a href=\"https:\/\/www.youtube.com\/@CoutureEnfant\">https:\/\/www.youtube.com\/@CoutureEnfant<\/a><\/p>\n\n\n\n<p><a href=\"https:\/\/www.youtube.com\/@Hellosuperette\/featured\">https:\/\/www.youtube.com\/@Hellosuperette\/featured<\/a><\/p>\n\n\n\n<p><a href=\"https:\/\/www.youtube.com\/@toolfullyenfrancaisdianede5144\">https:\/\/www.youtube.com\/@toolfullyenfrancaisdianede5144<\/a><\/p>\n\n\n\n<p><a href=\"https:\/\/www.youtube.com\/@couturedebutant\/featured\">https:\/\/www.youtube.com\/@couturedebutant\/featured<\/a><\/p>\n\n\n\n<p>(la couture c&rsquo;est aussi une grande communaut\u00e9 de passionn\u00e9s, alors je partage m\u00eame si ce ne sont pas mes vid\u00e9os)<\/p>\n","protected":false},"excerpt":{"rendered":"<p>Pour acheter son mat\u00e9riel: https:\/\/www.amazon.fr\/hz\/wishlist\/ls\/26AEMB72TR8YG?ref_=wl_share Pour acheter son tissu: https:\/\/les-coupons-de-saint-pierre.fr\/ https:\/\/mylittlecoupon.fr\/ https:\/\/www.mapetitemercerie.com\/fr\/ https:\/\/www.bennytex.fr\/ https:\/\/www.tissus-de-reve.fr\/ https:\/\/www.mondialtissus.fr\/ https:\/\/prettymercerie.com\/ https:\/\/www.mercerine.com\/ https:\/\/www.rascol.com\/ Pour acheter ses patrons: https:\/\/les-coupons-de-saint-pierre.fr\/ https:\/\/www.mapetitemercerie.com\/fr\/ https:\/\/www.rascol.com\/ https:\/\/www.patronsdecouture.com\/ Pour entretenir et r\u00e9parer sa machine \u00e0 coudre : https:\/\/www.lesatelierssw.fr Tuto pour se perfectionner : https:\/\/www.youtube.com\/@Majamcouture\/playlists https:\/\/www.youtube.com\/@CoutureEnfant https:\/\/www.youtube.com\/@Hellosuperette\/featured https:\/\/www.youtube.com\/@toolfullyenfrancaisdianede5144 https:\/\/www.youtube.com\/@couturedebutant\/featured (la couture c&rsquo;est aussi une grande communaut\u00e9 de passionn\u00e9s, &hellip; <a href=\"https:\/\/pretacoudre.art\/?page_id=137\" class=\"more-link\">Continuer la lecture<span class=\"screen-reader-text\"> de &laquo;&nbsp;Liens utiles&#8230;&nbsp;&raquo;<\/span><\/a><\/p>\n","protected":false},"author":1,"featured_media":0,"parent":0,"menu_order":0,"comment_status":"closed","ping_status":"closed","template":"","meta":{"footnotes":""},"class_list":["post-137","page","type-page","status-publish","hentry"],"_links":{"self":[{"href":"https:\/\/pretacoudre.art\/index.php?rest_route=\/wp\/v2\/pages\/137","targetHints":{"allow":["GET"]}}],"collection":[{"href":"https:\/\/pretacoudre.art\/index.php?rest_route=\/wp\/v2\/pages"}],"about":[{"href":"https:\/\/pretacoudre.art\/index.php?rest_route=\/wp\/v2\/types\/page"}],"author":[{"embeddable":true,"href":"https:\/\/pretacoudre.art\/index.php?rest_route=\/wp\/v2\/users\/1"}],"replies":[{"embeddable":true,"href":"https:\/\/pretacoudre.art\/index.php?rest_route=%2Fwp%2Fv2%2Fcomments&post=137"}],"version-history":[{"count":6,"href":"https:\/\/pretacoudre.art\/index.php?rest_route=\/wp\/v2\/pages\/137\/revisions"}],"predecessor-version":[{"id":249,"href":"https:\/\/pretacoudre.art\/index.php?rest_route=\/wp\/v2\/pages\/137\/revisions\/249"}],"wp:attachment":[{"href":"https:\/\/pretacoudre.art\/index.php?rest_route=%2Fwp%2Fv2%2Fmedia&parent=137"}],"curies":[{"name":"wp","href":"https:\/\/api.w.org\/{rel}","templated":true}]}}