{"id":155,"date":"2024-09-03T19:08:28","date_gmt":"2024-09-03T17:08:28","guid":{"rendered":"https:\/\/pretacoudre.art\/?page_id=155"},"modified":"2026-03-31T14:35:49","modified_gmt":"2026-03-31T12:35:49","slug":"tarifs","status":"publish","type":"page","link":"https:\/\/pretacoudre.art\/?page_id=155","title":{"rendered":"Tarifs"},"content":{"rendered":"\n<p class=\"has-text-align-center\"><strong>Tarifs cr\u00e9ation de patrons sur mesure :<\/strong><\/p>\n\n\n\n<figure class=\"wp-block-table\"><table class=\"has-fixed-layout\"><tbody><tr><td><strong>Patron de V\u00eatement et Toile<\/strong><\/td><td><strong><strong>\u00e0 partir de<\/strong><\/strong><\/td><\/tr><tr><td>Robe<\/td><td>40 \u20ac<\/td><\/tr><tr><td>Robe de soir\u00e9e<\/td><td>70 \u20ac<\/td><\/tr><tr><td>Jupe<\/td><td>30 \u20ac<\/td><\/tr><tr><td>Pantalon<\/td><td>40 \u20ac<\/td><\/tr><tr><td>Top<\/td><td>30 \u20ac<\/td><\/tr><tr><td>Blouse<\/td><td>40 \u20ac<\/td><\/tr><tr><td>Chemise<\/td><td>45 \u20ac<\/td><\/tr><tr><td>Bol\u00e9ro<\/td><td>40 \u20ac<\/td><\/tr><tr><td>Veste tailleur<\/td><td>80 \u20ac<\/td><\/tr><\/tbody><\/table><\/figure>\n\n\n\n<p class=\"has-text-align-center\"><strong>Tarifs confection (tissu non inclus):<\/strong><\/p>\n\n\n\n<figure class=\"wp-block-table\"><table class=\"has-fixed-layout\"><tbody><tr><td><strong>Robe (\u00e0 partir de)<\/strong><\/td><td><strong>100 \u20ac<\/strong><\/td><\/tr><tr><td>Robe non doubl\u00e9e sans manches<\/td><td>100 \u20ac<\/td><\/tr><tr><td>Robe doubl\u00e9e sans manches<\/td><td>140 \u20ac<\/td><\/tr><tr><td>Robe non doubl\u00e9e manches courtes<\/td><td>120 \u20ac<\/td><\/tr><tr><td>Robe doubl\u00e9e manches courtes<\/td><td>160 \u20ac<\/td><\/tr><tr><td>Robe non doubl\u00e9e manches longues<\/td><td>160 \u20ac<\/td><\/tr><tr><td>Robe doubl\u00e9e manches longues<\/td><td>200 \u20ac<\/td><\/tr><tr><td>Robe de soir\u00e9e (\u00e0 partir de)<\/td><td>250 \u20ac<\/td><\/tr><\/tbody><\/table><\/figure>\n\n\n\n<figure class=\"wp-block-table\"><table class=\"has-fixed-layout\"><tbody><tr><td><strong>Jupe <\/strong><strong>(\u00e0 partir de)<\/strong><strong><\/strong><\/td><td><strong>80 \u20ac<\/strong><\/td><\/tr><tr><td>Jupe courte droite non doubl\u00e9e<\/td><td>80 \u20ac<\/td><\/tr><tr><td>Jupe courte droite doubl\u00e9e<\/td><td>100 \u20ac<\/td><\/tr><tr><td>Jupe courte avec des plis non doubl\u00e9e<\/td><td>100 \u20ac<\/td><\/tr><tr><td>Jupe courte avec des plis doubl\u00e9e<\/td><td>120 \u20ac<\/td><\/tr><tr><td>Jupe longue droite non doubl\u00e9e<\/td><td>100 \u20ac<\/td><\/tr><tr><td>Jupe longue droite doubl\u00e9e<\/td><td>140 \u20ac<\/td><\/tr><tr><td>Jupe longue avec des plis non doubl\u00e9e<\/td><td>120 \u20ac<\/td><\/tr><tr><td>Jupe longue avec des plis doubl\u00e9e<\/td><td>150 \u20ac<\/td><\/tr><\/tbody><\/table><\/figure>\n\n\n\n<figure class=\"wp-block-table\"><table class=\"has-fixed-layout\"><tbody><tr><td><strong>Haut (\u00e0 partir de)<\/strong><\/td><td><strong>70 \u20ac<\/strong><\/td><\/tr><tr><td>Top sans manches<\/td><td>70 \u20ac<\/td><\/tr><tr><td>Blouse manches courtes<\/td><td>90 \u20ac<\/td><\/tr><tr><td>Blouse manches longues<\/td><td>110 \u20ac<\/td><\/tr><tr><td>Tunique manches courtes<\/td><td>100 \u20ac<\/td><\/tr><tr><td>Tunique manches longues<\/td><td>120 \u20ac<\/td><\/tr><tr><td>Chemise manche courte<\/td><td>130 \u20ac<\/td><\/tr><tr><td>Chemise manche longue<\/td><td>150 \u20ac<\/td><\/tr><\/tbody><\/table><\/figure>\n\n\n\n<figure class=\"wp-block-table\"><table class=\"has-fixed-layout\"><tbody><tr><td><strong>Pantalon (\u00e0 partir de)<\/strong><\/td><td><strong>100 \u20ac<\/strong><\/td><\/tr><tr><td>Short sans poches<\/td><td>70 \u20ac<\/td><\/tr><tr><td>Short avec des poches<\/td><td>90 \u20ac<\/td><\/tr><tr><td>Pantalon sans poches<\/td><td>100 \u20ac<\/td><\/tr><tr><td>Pantalon avec des poches<\/td><td>140 \u20ac<\/td><\/tr><\/tbody><\/table><\/figure>\n\n\n\n<figure class=\"wp-block-table\"><table class=\"has-fixed-layout\"><tbody><tr><td><strong>&nbsp;<\/strong><strong>Veste <\/strong><strong>(\u00e0 partir de)<\/strong><\/td><td><strong>100 \u20ac<\/strong><\/td><\/tr><tr><td>Bol\u00e9ro non doubl\u00e9<\/td><td>100 \u20ac<\/td><\/tr><tr><td>Bol\u00e9ro doubl\u00e9<\/td><td>140 \u20ac<\/td><\/tr><tr><td>Tailleur non doubl\u00e9<\/td><td>220 \u20ac<\/td><\/tr><tr><td>Tailleur doubl\u00e9<\/td><td>300 \u20ac<\/td><\/tr><\/tbody><\/table><\/figure>\n\n\n\n<figure class=\"wp-block-table\"><table class=\"has-fixed-layout\"><tbody><tr><td><strong>Manteau (\u00e0 partir de)<\/strong><\/td><td><strong>270 \u20ac<\/strong><\/td><\/tr><\/tbody><\/table><\/figure>\n\n\n\n<p class=\"has-text-align-center\"><strong>Tarifs retouches<\/strong> :<\/p>\n\n\n\n<figure class=\"wp-block-table\"><table class=\"has-fixed-layout\"><tbody><tr><td><strong>Haut :<\/strong><\/td><td><\/td><\/tr><tr><td>Ourlet bas de v\u00eatement<\/td><td>10 \u20ac<\/td><\/tr><tr><td>Ourlet manches<\/td><td>10 \u20ac<\/td><\/tr><tr><td>Ajout\/ retouche pince<\/td><td>5 \u20ac<\/td><\/tr><tr><td>Changement de zip (non fourni)<\/td><td>15 \u20ac&nbsp;(+ prix zip)<\/td><\/tr><tr><td>Raccourcir manches chemise<\/td><td>20 \u20ac<\/td><\/tr><\/tbody><\/table><\/figure>\n\n\n\n<figure class=\"wp-block-table\"><table class=\"has-fixed-layout\"><tbody><tr><td><strong>Pantalon :<\/strong><\/td><td><\/td><\/tr><tr><td>Ourlets<\/td><td>10 \u20ac<\/td><\/tr><tr><td>Ourlet tissu principal + doublure<\/td><td>20 \u20ac<\/td><\/tr><tr><td>Changement de zip (non fourni)<\/td><td>15 \u20ac&nbsp;(+ prix zip)<\/td><\/tr><tr><td>Ajout\/ retouche pince<\/td><td>5 \u20ac<\/td><\/tr><tr><td>Taille de pantalon<\/td><td>16 \u20ac<\/td><\/tr><tr><td>Taille et largeur c\u00f4t\u00e9 <\/td><td>20 \u20ac<\/td><\/tr><\/tbody><\/table><\/figure>\n\n\n\n<figure class=\"wp-block-table\"><table class=\"has-fixed-layout\"><tbody><tr><td><strong>Jupe \/ Robe :<\/strong><\/td><td><\/td><\/tr><tr><td>Ourlet<\/td><td>13 \u20ac<\/td><\/tr><tr><td>Ourlet tissu principal + doublure<\/td><td>23 \u20ac<\/td><\/tr><tr><td>Changement de zip (non fourni)<\/td><td><strong>15 \u20ac&nbsp;<\/strong>(+prix zip)<\/td><\/tr><tr><td>Ajout ou retouche pince<\/td><td>5 \u20ac<\/td><\/tr><tr><td>R\u00e9tr\u00e9cir ou \u00e9largir la taille&nbsp;<\/td><td>16 \u20ac<\/td><\/tr><tr><td>Changement doublure (non fournie)<\/td><td>\u00e0 partir de&nbsp;<strong>30<\/strong>\u20ac<\/td><\/tr><\/tbody><\/table><\/figure>\n\n\n\n<figure class=\"wp-block-table\"><table class=\"has-fixed-layout\"><tbody><tr><td><strong>Manteau \/ Veste :<\/strong><\/td><td><\/td><\/tr><tr><td>Changement de zip \u2013 50 cm (non fourni)<\/td><td>25 \u20ac<\/td><\/tr><tr><td>Changement de zip + 50 cm (non fourni)<\/td><td>30 \u20ac<\/td><\/tr><tr><td>Retouche bas de veste<\/td><td>30 \u20ac<\/td><\/tr><tr><td>Retouche bas de manche<\/td><td>20 \u20ac<\/td><\/tr><tr><td>Ajout \/ retouche de boutonni\u00e8res<\/td><td><strong>4<\/strong>\u20ac\/ l\u2019unit\u00e9<\/td><\/tr><\/tbody><\/table><\/figure>\n\n\n\n<figure class=\"wp-block-table\"><table class=\"has-fixed-layout\"><tbody><tr><td>Ourlets sur <strong>rideaux<\/strong><\/td><td>18 \u20ac<\/td><\/tr><tr><td>Housse de <strong>coussin<\/strong> sur mesure (tissu non inclus)<\/td><td>\u00e0 partir de&nbsp;<strong>12<\/strong>\u20ac<\/td><\/tr><\/tbody><\/table><\/figure>\n","protected":false},"excerpt":{"rendered":"<p>Tarifs cr\u00e9ation de patrons sur mesure : Patron de V\u00eatement et Toile \u00e0 partir de Robe 40 \u20ac Robe de soir\u00e9e 70 \u20ac Jupe 30 \u20ac Pantalon 40 \u20ac Top 30 \u20ac Blouse 40 \u20ac Chemise 45 \u20ac Bol\u00e9ro 40 \u20ac Veste tailleur 80 \u20ac Tarifs confection (tissu non inclus): Robe (\u00e0 partir de) 100 &hellip; <a href=\"https:\/\/pretacoudre.art\/?page_id=155\" class=\"more-link\">Continuer la lecture<span class=\"screen-reader-text\"> de &laquo;&nbsp;Tarifs&nbsp;&raquo;<\/span><\/a><\/p>\n","protected":false},"author":1,"featured_media":0,"parent":0,"menu_order":0,"comment_status":"closed","ping_status":"closed","template":"","meta":{"footnotes":""},"class_list":["post-155","page","type-page","status-publish","hentry"],"_links":{"self":[{"href":"https:\/\/pretacoudre.art\/index.php?rest_route=\/wp\/v2\/pages\/155","targetHints":{"allow":["GET"]}}],"collection":[{"href":"https:\/\/pretacoudre.art\/index.php?rest_route=\/wp\/v2\/pages"}],"about":[{"href":"https:\/\/pretacoudre.art\/index.php?rest_route=\/wp\/v2\/types\/page"}],"author":[{"embeddable":true,"href":"https:\/\/pretacoudre.art\/index.php?rest_route=\/wp\/v2\/users\/1"}],"replies":[{"embeddable":true,"href":"https:\/\/pretacoudre.art\/index.php?rest_route=%2Fwp%2Fv2%2Fcomments&post=155"}],"version-history":[{"count":6,"href":"https:\/\/pretacoudre.art\/index.php?rest_route=\/wp\/v2\/pages\/155\/revisions"}],"predecessor-version":[{"id":245,"href":"https:\/\/pretacoudre.art\/index.php?rest_route=\/wp\/v2\/pages\/155\/revisions\/245"}],"wp:attachment":[{"href":"https:\/\/pretacoudre.art\/index.php?rest_route=%2Fwp%2Fv2%2Fmedia&parent=155"}],"curies":[{"name":"wp","href":"https:\/\/api.w.org\/{rel}","templated":true}]}}