{"id":8,"date":"2020-01-21T19:45:43","date_gmt":"2020-01-21T18:45:43","guid":{"rendered":"http:\/\/pretacoudre.art\/?page_id=8"},"modified":"2026-03-31T14:44:32","modified_gmt":"2026-03-31T12:44:32","slug":"accueil","status":"publish","type":"page","link":"https:\/\/pretacoudre.art\/","title":{"rendered":"La couture \u00e0 domicile"},"content":{"rendered":"\n<p class=\"has-medium-font-size\"><strong>Es-tu Pr\u00eate \u00e0 coudre ?<\/strong><\/p>\n\n\n\n<p>Je te propose des cours pour d\u00e9butantes en individuel ou en groupe.<\/p>\n\n\n\n<p>L&rsquo;id\u00e9e c&rsquo;est que tu puisses d\u00e9marrer un projet apr\u00e8s avoir eu ton premier cours de base (prise en main d&rsquo;une machine \u00e0 coudre). Par exemple : top, jupe, robe, pantalon, accessoires mode, maison, z\u00e9ro d\u00e9chet&#8230;<\/p>\n\n\n\n<p class=\"has-text-align-center\"><em>Voici les 6 types de cours :<\/em><\/p>\n\n\n\n<ul class=\"wp-block-list\">\n<li><strong>Les cours individuels<\/strong> durent 2h chez toi. Je viendrais avec mes machines si besoin. Pour une dur\u00e9e plus longue me contacter pour un devis personnalis\u00e9.<\/li>\n<\/ul>\n\n\n\n<ul class=\"wp-block-list\">\n<li><strong>Les cours express<\/strong> durent 1h chez toi. Je viendrais avec mes machines si besoin.<\/li>\n<\/ul>\n\n\n\n<ul class=\"wp-block-list\">\n<li><strong>Les cours partag\u00e9s<\/strong> durent 2h chez toi. Je viendrais avec mes machines si besoin. C&rsquo;est l&rsquo;occasion d&rsquo;inviter une amie ou ton conjoint \u00e0 d\u00e9couvrir les cours de couture. Pour 2 personnes.<\/li>\n<\/ul>\n\n\n\n<ul class=\"wp-block-list\">\n<li><strong>Les cours en groupe pour adulte<\/strong>. Ces ateliers durent 3h, pour 4 \u00e0 6 personnes, le vendredi chez Ludivine avec tout le mat\u00e9riel n\u00e9cessaire \u00e0 disposition et c&rsquo;est offert pour l&rsquo;h\u00f4tesse ! (Si tu es \u00e9quip\u00e9e et que tu souhaite avoir l&rsquo;atelier chez toi, c&rsquo;est aussi possible. Je viendrais avec une surjeteuse et tes amies apporteront leurs machines \u00e0 coudre)<\/li>\n<\/ul>\n\n\n\n<ul class=\"wp-block-list\">\n<li><strong>Les cours en groupe pour ados<\/strong>. Ces ateliers durent 2h, pour 4 ados, chez Ludivine avec du mat\u00e9riel et des patrons adapt\u00e9s. C&rsquo;est offert pour la jeune h\u00f4tesse !<\/li>\n<\/ul>\n\n\n\n<ul class=\"wp-block-list\">\n<li><strong>Les cours en groupe pour enfant<\/strong>. Ces ateliers durent 1h, pour 4 enfants, chez Ludivine avec du mat\u00e9riel adapt\u00e9 aux petites mains et c&rsquo;est offert pour le petit h\u00f4te !<\/li>\n<\/ul>\n\n\n\n<p class=\"has-text-align-center\"><strong>Tarifs <\/strong>:<\/p>\n\n\n\n<p class=\"has-text-align-center\">Cours individuel : <strong>30\u20ac\/2h<\/strong><\/p>\n\n\n\n<p class=\"has-text-align-center\">Cours express : <strong>15\u20ac\/1h<\/strong><\/p>\n\n\n\n<p class=\"has-text-align-center\">Cours partag\u00e9s : <strong>15\u20ac\/pers\/2h<\/strong><\/p>\n\n\n\n<p class=\"has-text-align-center\">Atelier adulte (de 4 \u00e0 6 pers) : <strong>20\u20ac\/pers\/3h<\/strong> (offert pour l&rsquo;h\u00f4tesse)<\/p>\n\n\n\n<p class=\"has-text-align-center\">Atelier ados (4 ados) : <strong>15\u20ac\/ados\/2h<\/strong> (offert pour la jeune h\u00f4tesse)<\/p>\n\n\n\n<p class=\"has-text-align-center\">Atelier enfant (4 enfants) : <strong>10\u20ac\/enfant\/1h<\/strong> (offert pour le petit h\u00f4te)<\/p>\n\n\n\n<p class=\"has-text-align-center\">Frais de d\u00e9placement inf\u00e9rieur \u00e0 10km: <strong>5\u20ac<\/strong> (offert pour les Eragniens)<\/p>\n\n\n\n<p class=\"has-text-align-center\">Frais de d\u00e9placement sup\u00e9rieur \u00e0 10km : <strong>10\u20ac<\/strong> <\/p>\n\n\n\n<p class=\"has-text-align-center\">(<em>R\u00e8glement<\/em> : <em>ch\u00e8que, esp\u00e8ces, virement, paylib\/wero)<\/em><\/p>\n\n\n\n<p><\/p>\n\n\n\n<p class=\"has-medium-font-size\"><strong>Offrir pour qu&rsquo;elle soit Pr\u00eate \u00e0 coudre ?<\/strong><\/p>\n\n\n\n<figure class=\"wp-block-image size-large is-resized\"><img loading=\"lazy\" decoding=\"async\" width=\"1024\" height=\"726\" src=\"https:\/\/pretacoudre.art\/wp-content\/uploads\/2025\/08\/Copie-de-Copie-de-Black-Gold-Elegant-Gift-Certificate_20250810_155706_0000-1024x726.png\" alt=\"\" class=\"wp-image-224\" style=\"width:522px;height:auto\" srcset=\"https:\/\/pretacoudre.art\/wp-content\/uploads\/2025\/08\/Copie-de-Copie-de-Black-Gold-Elegant-Gift-Certificate_20250810_155706_0000-1024x726.png 1024w, https:\/\/pretacoudre.art\/wp-content\/uploads\/2025\/08\/Copie-de-Copie-de-Black-Gold-Elegant-Gift-Certificate_20250810_155706_0000-300x213.png 300w, https:\/\/pretacoudre.art\/wp-content\/uploads\/2025\/08\/Copie-de-Copie-de-Black-Gold-Elegant-Gift-Certificate_20250810_155706_0000-768x545.png 768w, https:\/\/pretacoudre.art\/wp-content\/uploads\/2025\/08\/Copie-de-Copie-de-Black-Gold-Elegant-Gift-Certificate_20250810_155706_0000-1536x1090.png 1536w, https:\/\/pretacoudre.art\/wp-content\/uploads\/2025\/08\/Copie-de-Copie-de-Black-Gold-Elegant-Gift-Certificate_20250810_155706_0000-1200x851.png 1200w, https:\/\/pretacoudre.art\/wp-content\/uploads\/2025\/08\/Copie-de-Copie-de-Black-Gold-Elegant-Gift-Certificate_20250810_155706_0000.png 1748w\" sizes=\"auto, (max-width: 709px) 85vw, (max-width: 909px) 67vw, (max-width: 1362px) 62vw, 840px\" \/><\/figure>\n\n\n\n<p>C&rsquo;est tout nouveau et c&rsquo;est un cadeau utile qui sera bien appr\u00e9ci\u00e9 par les \u00e9l\u00e8ves. <\/p>\n\n\n\n<p>Les cartes cadeaux sont \u00e0 choisir <a href=\"https:\/\/wa.me\/c\/33677633598\" data-type=\"link\" data-id=\"https:\/\/wa.me\/c\/33677633598\">ici<\/a>.<\/p>\n\n\n\n<p class=\"has-medium-font-size\"><\/p>\n\n\n\n<p class=\"has-medium-font-size\"><strong>Pas vraiment Pr\u00eate \u00e0 coudre ?<\/strong><\/p>\n\n\n\n<figure class=\"wp-block-image size-large is-resized\"><img loading=\"lazy\" decoding=\"async\" width=\"1024\" height=\"576\" src=\"https:\/\/pretacoudre.art\/wp-content\/uploads\/2024\/09\/20240920_151718_0000-1024x576.png\" alt=\"\" class=\"wp-image-200\" style=\"width:354px;height:auto\" srcset=\"https:\/\/pretacoudre.art\/wp-content\/uploads\/2024\/09\/20240920_151718_0000-1024x576.png 1024w, https:\/\/pretacoudre.art\/wp-content\/uploads\/2024\/09\/20240920_151718_0000-300x169.png 300w, https:\/\/pretacoudre.art\/wp-content\/uploads\/2024\/09\/20240920_151718_0000-768x432.png 768w, https:\/\/pretacoudre.art\/wp-content\/uploads\/2024\/09\/20240920_151718_0000-1536x864.png 1536w, https:\/\/pretacoudre.art\/wp-content\/uploads\/2024\/09\/20240920_151718_0000-1200x675.png 1200w, https:\/\/pretacoudre.art\/wp-content\/uploads\/2024\/09\/20240920_151718_0000.png 1600w\" sizes=\"auto, (max-width: 709px) 85vw, (max-width: 909px) 67vw, (max-width: 1362px) 62vw, 840px\" \/><\/figure>\n\n\n\n<p class=\"has-text-align-center\"><\/p>\n\n\n\n<p>Pour celles qui ne souhaitent pas coudre pour le moment et qui voudraient faire des retouches.<\/p>\n\n\n\n<p>La prise des mesures se fait chez Ludivine<em>, <\/em>tu peux prendre directement ton <strong>rendez-vous en ligne<\/strong>.<\/p>\n\n\n\n<p class=\"has-text-align-center\"><em>Les <strong>commandes de confection<\/strong> sont indisponibles pour le moment.<\/em><\/p>\n\n\n\n<p class=\"has-text-align-center\"><strong>Voici les tarifs retouches et confection : <\/strong><\/p>\n\n\n\n<p class=\"has-text-align-center\"><strong><a href=\"https:\/\/pretacoudre.art\/?page_id=155\" data-type=\"page\" data-id=\"155\">sur devis ici<\/a><\/strong><\/p>\n\n\n\n<h3 class=\"wp-block-heading\">Pr\u00eat \u00e0 Coudre, c&rsquo;est aussi un partage d&rsquo;infos :<\/h3>\n\n\n\n<p>O\u00f9 acheter son mat\u00e9riel, du tissus, des patrons&#8230; des vid\u00e9os pour se perfectionner.<\/p>\n\n\n\n<h3 class=\"wp-block-heading\">=&gt; <a href=\"https:\/\/pretacoudre.art\/?page_id=137\">Liens utiles<\/a> <\/h3>\n\n\n\n<p><\/p>\n","protected":false},"excerpt":{"rendered":"<p>Es-tu Pr\u00eate \u00e0 coudre ? Je te propose des cours pour d\u00e9butantes en individuel ou en groupe. L&rsquo;id\u00e9e c&rsquo;est que tu puisses d\u00e9marrer un projet apr\u00e8s avoir eu ton premier cours de base (prise en main d&rsquo;une machine \u00e0 coudre). Par exemple : top, jupe, robe, pantalon, accessoires mode, maison, z\u00e9ro d\u00e9chet&#8230; Voici les 6 &hellip; <a href=\"https:\/\/pretacoudre.art\/\" class=\"more-link\">Continuer la lecture<span class=\"screen-reader-text\"> de &laquo;&nbsp;La couture \u00e0 domicile&nbsp;&raquo;<\/span><\/a><\/p>\n","protected":false},"author":1,"featured_media":126,"parent":0,"menu_order":0,"comment_status":"closed","ping_status":"closed","template":"","meta":{"footnotes":""},"class_list":["post-8","page","type-page","status-publish","has-post-thumbnail","hentry"],"_links":{"self":[{"href":"https:\/\/pretacoudre.art\/index.php?rest_route=\/wp\/v2\/pages\/8","targetHints":{"allow":["GET"]}}],"collection":[{"href":"https:\/\/pretacoudre.art\/index.php?rest_route=\/wp\/v2\/pages"}],"about":[{"href":"https:\/\/pretacoudre.art\/index.php?rest_route=\/wp\/v2\/types\/page"}],"author":[{"embeddable":true,"href":"https:\/\/pretacoudre.art\/index.php?rest_route=\/wp\/v2\/users\/1"}],"replies":[{"embeddable":true,"href":"https:\/\/pretacoudre.art\/index.php?rest_route=%2Fwp%2Fv2%2Fcomments&post=8"}],"version-history":[{"count":55,"href":"https:\/\/pretacoudre.art\/index.php?rest_route=\/wp\/v2\/pages\/8\/revisions"}],"predecessor-version":[{"id":247,"href":"https:\/\/pretacoudre.art\/index.php?rest_route=\/wp\/v2\/pages\/8\/revisions\/247"}],"wp:featuredmedia":[{"embeddable":true,"href":"https:\/\/pretacoudre.art\/index.php?rest_route=\/wp\/v2\/media\/126"}],"wp:attachment":[{"href":"https:\/\/pretacoudre.art\/index.php?rest_route=%2Fwp%2Fv2%2Fmedia&parent=8"}],"curies":[{"name":"wp","href":"https:\/\/api.w.org\/{rel}","templated":true}]}}